{"id":101,"date":"2024-01-05T17:20:57","date_gmt":"2024-01-05T22:20:57","guid":{"rendered":"https:\/\/atmpanama.org\/?page_id=101"},"modified":"2024-05-16T20:22:49","modified_gmt":"2024-05-17T01:22:49","slug":"para-tenis-de-mesa","status":"publish","type":"page","link":"https:\/\/atmpanama.org\/index.php\/para-tenis-de-mesa\/","title":{"rendered":"PARA TM"},"content":{"rendered":"\n<p>El Para-Tenis-Mesa inici\u00f3 oficialmente en Panam\u00e1 en el a\u00f1o 2022\u2026 Siendo el primer para atleta debidamente inscrito en la base de datos de la ITTF (Federaci\u00f3n Internacional de Tenis de Mesa) siglas en ingl\u00e9s ITTF el atleta Francisco Cordoba teniendo su primera competencia internacional en Canc\u00fan, M\u00e9xico d\u00f3nde asisti\u00f3 solo y cubriendo el todo su gasto.<br>Luego el siguiente atleta que culmina el proceso de registro fue Julio Evans, el cual tuvo su evaluaci\u00f3n en Sao Paulo, Brasil en el mes de octubre de 2023. All\u00ed participamos en el Sao Paulo Open esta ves si con el esfuerzo y apoyo del Comit\u00e9 Paral\u00edmpico.<br>Luego este a\u00f1o asistimos a Buenos Aires, Argentina Open (Copa Tango) una vez m\u00e1s con el apoyo del Comit\u00e9 Paral\u00edmpico de Panam\u00e1.<br>Siendo nuestra 3ra competencia internacional estos Juegos ParaPanamericanos Santiago 2023.<br>En Panam\u00e1 Julio Evans entrena en TTTCPanama que un centro de entretenimiento privado de 4 &#8211; 5 d\u00edas a la semana en un promedio de 2 horas diarias.<br>Por su parte el atleta Francisco Cordoba entrena en el Club de Chiriqui ( club privado) y el cubre los gastos de su entrenamiento, como entrenador encargado del PTT (Para Table Tennis) de sus siglas en ingl\u00e9s monitoreo y le hago las recomendaciones de que aspectos del entrenamiento debe realizar Francisco.<br>Ellos participan en torneos abiertos que realizan los diferentes clubes privados, tambi\u00e9n participan en los torneos que realiza la Asociaci\u00f3n de Tenis de Mesa de Panam\u00e1 ( ATMP).<br>Para el a\u00f1o 2024 esperamos aumentar el n\u00famero de atletas tanto en n\u00famero como en g\u00e9nero as\u00ed podr\u00edamos participar en femenino y Mixto.<\/p>\n\n\n\n<figure class=\"wp-block-image size-full\"><img loading=\"lazy\" decoding=\"async\" width=\"720\" height=\"619\" src=\"https:\/\/atmpanama.org\/wp-content\/uploads\/2024\/01\/Francisco-Cordoba-en-Santiago-2023-PTT.jpg\" alt=\"\" class=\"wp-image-92\" srcset=\"https:\/\/atmpanama.org\/wp-content\/uploads\/2024\/01\/Francisco-Cordoba-en-Santiago-2023-PTT.jpg 720w, https:\/\/atmpanama.org\/wp-content\/uploads\/2024\/01\/Francisco-Cordoba-en-Santiago-2023-PTT-300x258.jpg 300w\" sizes=\"auto, (max-width: 720px) 100vw, 720px\" \/><\/figure>\n\n\n\n<figure class=\"wp-block-image size-full\"><img loading=\"lazy\" decoding=\"async\" width=\"720\" height=\"717\" src=\"https:\/\/atmpanama.org\/wp-content\/uploads\/2024\/01\/Julio-Evans-Santiago-2023-PTT-1.jpg\" alt=\"\" class=\"wp-image-95\" srcset=\"https:\/\/atmpanama.org\/wp-content\/uploads\/2024\/01\/Julio-Evans-Santiago-2023-PTT-1.jpg 720w, https:\/\/atmpanama.org\/wp-content\/uploads\/2024\/01\/Julio-Evans-Santiago-2023-PTT-1-300x300.jpg 300w, https:\/\/atmpanama.org\/wp-content\/uploads\/2024\/01\/Julio-Evans-Santiago-2023-PTT-1-150x150.jpg 150w\" sizes=\"auto, (max-width: 720px) 100vw, 720px\" \/><\/figure>\n\n\n\n<figure class=\"wp-block-gallery has-nested-images columns-default is-cropped wp-block-gallery-1 is-layout-flex wp-block-gallery-is-layout-flex\">\n<figure class=\"wp-block-image size-large\"><img loading=\"lazy\" decoding=\"async\" width=\"1024\" height=\"1010\" data-id=\"83\" src=\"https:\/\/atmpanama.org\/wp-content\/uploads\/2024\/01\/WhatsApp-Image-2023-10-04-at-9.42.19-AM-1024x1010.jpeg\" alt=\"\" class=\"wp-image-83\" srcset=\"https:\/\/atmpanama.org\/wp-content\/uploads\/2024\/01\/WhatsApp-Image-2023-10-04-at-9.42.19-AM-1024x1010.jpeg 1024w, https:\/\/atmpanama.org\/wp-content\/uploads\/2024\/01\/WhatsApp-Image-2023-10-04-at-9.42.19-AM-300x296.jpeg 300w, https:\/\/atmpanama.org\/wp-content\/uploads\/2024\/01\/WhatsApp-Image-2023-10-04-at-9.42.19-AM-768x757.jpeg 768w, https:\/\/atmpanama.org\/wp-content\/uploads\/2024\/01\/WhatsApp-Image-2023-10-04-at-9.42.19-AM.jpeg 1079w\" sizes=\"auto, (max-width: 1024px) 100vw, 1024px\" \/><figcaption class=\"wp-element-caption\">Delegacion de Para Tenis de Mesa <\/figcaption><\/figure>\n\n\n\n<figure class=\"wp-block-image size-large\"><img loading=\"lazy\" decoding=\"async\" width=\"1024\" height=\"1024\" data-id=\"82\" src=\"https:\/\/atmpanama.org\/wp-content\/uploads\/2024\/01\/WhatsApp-Image-2023-10-05-at-12.27.50-PM-1024x1024.jpeg\" alt=\"\" class=\"wp-image-82\" srcset=\"https:\/\/atmpanama.org\/wp-content\/uploads\/2024\/01\/WhatsApp-Image-2023-10-05-at-12.27.50-PM-1024x1024.jpeg 1024w, https:\/\/atmpanama.org\/wp-content\/uploads\/2024\/01\/WhatsApp-Image-2023-10-05-at-12.27.50-PM-300x300.jpeg 300w, https:\/\/atmpanama.org\/wp-content\/uploads\/2024\/01\/WhatsApp-Image-2023-10-05-at-12.27.50-PM-150x150.jpeg 150w, https:\/\/atmpanama.org\/wp-content\/uploads\/2024\/01\/WhatsApp-Image-2023-10-05-at-12.27.50-PM-768x768.jpeg 768w, https:\/\/atmpanama.org\/wp-content\/uploads\/2024\/01\/WhatsApp-Image-2023-10-05-at-12.27.50-PM.jpeg 1280w\" sizes=\"auto, (max-width: 1024px) 100vw, 1024px\" \/><figcaption class=\"wp-element-caption\">Francisco y Julio<\/figcaption><\/figure>\n\n\n\n<figure class=\"wp-block-image size-large\"><img loading=\"lazy\" decoding=\"async\" width=\"1024\" height=\"768\" data-id=\"81\" src=\"https:\/\/atmpanama.org\/wp-content\/uploads\/2024\/01\/Juegos-ParaPan-Santiago-2023-Table-Tennis-Team-Panama-6-Colados-1024x768.jpg\" alt=\"\" class=\"wp-image-81\" srcset=\"https:\/\/atmpanama.org\/wp-content\/uploads\/2024\/01\/Juegos-ParaPan-Santiago-2023-Table-Tennis-Team-Panama-6-Colados-1024x768.jpg 1024w, https:\/\/atmpanama.org\/wp-content\/uploads\/2024\/01\/Juegos-ParaPan-Santiago-2023-Table-Tennis-Team-Panama-6-Colados-300x225.jpg 300w, https:\/\/atmpanama.org\/wp-content\/uploads\/2024\/01\/Juegos-ParaPan-Santiago-2023-Table-Tennis-Team-Panama-6-Colados-768x576.jpg 768w, https:\/\/atmpanama.org\/wp-content\/uploads\/2024\/01\/Juegos-ParaPan-Santiago-2023-Table-Tennis-Team-Panama-6-Colados-1536x1152.jpg 1536w, https:\/\/atmpanama.org\/wp-content\/uploads\/2024\/01\/Juegos-ParaPan-Santiago-2023-Table-Tennis-Team-Panama-6-Colados.jpg 1600w\" sizes=\"auto, (max-width: 1024px) 100vw, 1024px\" \/><figcaption class=\"wp-element-caption\">Juegos ParaLimpicos Santiago 2023<\/figcaption><\/figure>\n\n\n\n<figure class=\"wp-block-image size-large\"><img loading=\"lazy\" decoding=\"async\" width=\"714\" height=\"580\" data-id=\"94\" src=\"https:\/\/atmpanama.org\/wp-content\/uploads\/2024\/01\/Julio-Evans-Santiago-2023-PTT.jpg\" alt=\"\" class=\"wp-image-94\" srcset=\"https:\/\/atmpanama.org\/wp-content\/uploads\/2024\/01\/Julio-Evans-Santiago-2023-PTT.jpg 714w, https:\/\/atmpanama.org\/wp-content\/uploads\/2024\/01\/Julio-Evans-Santiago-2023-PTT-300x244.jpg 300w\" sizes=\"auto, (max-width: 714px) 100vw, 714px\" \/><figcaption class=\"wp-element-caption\">Julio Evans<\/figcaption><\/figure>\n\n\n\n<figure class=\"wp-block-image size-large\"><img loading=\"lazy\" decoding=\"async\" width=\"1024\" height=\"550\" data-id=\"96\" src=\"https:\/\/atmpanama.org\/wp-content\/uploads\/2024\/01\/JE-FC-RR-santiago-2023-PTT-1024x550.jpg\" alt=\"\" class=\"wp-image-96\" srcset=\"https:\/\/atmpanama.org\/wp-content\/uploads\/2024\/01\/JE-FC-RR-santiago-2023-PTT-1024x550.jpg 1024w, https:\/\/atmpanama.org\/wp-content\/uploads\/2024\/01\/JE-FC-RR-santiago-2023-PTT-300x161.jpg 300w, https:\/\/atmpanama.org\/wp-content\/uploads\/2024\/01\/JE-FC-RR-santiago-2023-PTT-768x413.jpg 768w, https:\/\/atmpanama.org\/wp-content\/uploads\/2024\/01\/JE-FC-RR-santiago-2023-PTT.jpg 1303w\" sizes=\"auto, (max-width: 1024px) 100vw, 1024px\" \/><figcaption class=\"wp-element-caption\">Partida de Doblles frente a USA<\/figcaption><\/figure>\n\n\n\n<figure class=\"wp-block-image size-large\"><img loading=\"lazy\" decoding=\"async\" width=\"708\" height=\"700\" data-id=\"93\" src=\"https:\/\/atmpanama.org\/wp-content\/uploads\/2024\/01\/Francisco-Cordoba-en-Santiago-2023-PTT-1.jpg\" alt=\"\" class=\"wp-image-93\" srcset=\"https:\/\/atmpanama.org\/wp-content\/uploads\/2024\/01\/Francisco-Cordoba-en-Santiago-2023-PTT-1.jpg 708w, https:\/\/atmpanama.org\/wp-content\/uploads\/2024\/01\/Francisco-Cordoba-en-Santiago-2023-PTT-1-300x297.jpg 300w\" sizes=\"auto, (max-width: 708px) 100vw, 708px\" \/><figcaption class=\"wp-element-caption\">Francisco Cordoba<\/figcaption><\/figure>\n\n\n\n<figure class=\"wp-block-image size-large\"><img loading=\"lazy\" decoding=\"async\" width=\"1024\" height=\"660\" data-id=\"91\" src=\"https:\/\/atmpanama.org\/wp-content\/uploads\/2024\/01\/PTT-Santiago-2023-1024x660.jpg\" alt=\"\" class=\"wp-image-91\" srcset=\"https:\/\/atmpanama.org\/wp-content\/uploads\/2024\/01\/PTT-Santiago-2023-1024x660.jpg 1024w, https:\/\/atmpanama.org\/wp-content\/uploads\/2024\/01\/PTT-Santiago-2023-300x193.jpg 300w, https:\/\/atmpanama.org\/wp-content\/uploads\/2024\/01\/PTT-Santiago-2023-768x495.jpg 768w, https:\/\/atmpanama.org\/wp-content\/uploads\/2024\/01\/PTT-Santiago-2023.jpg 1179w\" sizes=\"auto, (max-width: 1024px) 100vw, 1024px\" \/><figcaption class=\"wp-element-caption\">PTT en Chile<\/figcaption><\/figure>\n<\/figure>\n","protected":false},"excerpt":{"rendered":"<p>El Para-Tenis-Mesa inici\u00f3 oficialmente en Panam\u00e1 en el a\u00f1o 2022\u2026 Siendo el primer para atleta debidamente inscrito en la base de datos de la ITTF (Federaci\u00f3n Internacional de Tenis de Mesa) siglas en ingl\u00e9s ITTF el atleta Francisco Cordoba teniendo su primera competencia internacional en Canc\u00fan, M\u00e9xico d\u00f3nde asisti\u00f3 solo y cubriendo el todo su [&hellip;]<\/p>\n","protected":false},"author":1,"featured_media":0,"parent":0,"menu_order":5,"comment_status":"closed","ping_status":"closed","template":"","meta":{"footnotes":""},"class_list":["post-101","page","type-page","status-publish","hentry"],"_links":{"self":[{"href":"https:\/\/atmpanama.org\/index.php\/wp-json\/wp\/v2\/pages\/101","targetHints":{"allow":["GET"]}}],"collection":[{"href":"https:\/\/atmpanama.org\/index.php\/wp-json\/wp\/v2\/pages"}],"about":[{"href":"https:\/\/atmpanama.org\/index.php\/wp-json\/wp\/v2\/types\/page"}],"author":[{"embeddable":true,"href":"https:\/\/atmpanama.org\/index.php\/wp-json\/wp\/v2\/users\/1"}],"replies":[{"embeddable":true,"href":"https:\/\/atmpanama.org\/index.php\/wp-json\/wp\/v2\/comments?post=101"}],"version-history":[{"count":2,"href":"https:\/\/atmpanama.org\/index.php\/wp-json\/wp\/v2\/pages\/101\/revisions"}],"predecessor-version":[{"id":297,"href":"https:\/\/atmpanama.org\/index.php\/wp-json\/wp\/v2\/pages\/101\/revisions\/297"}],"wp:attachment":[{"href":"https:\/\/atmpanama.org\/index.php\/wp-json\/wp\/v2\/media?parent=101"}],"curies":[{"name":"wp","href":"https:\/\/api.w.org\/{rel}","templated":true}]}}