{"id":60,"date":"2024-01-04T20:43:27","date_gmt":"2024-01-05T01:43:27","guid":{"rendered":"https:\/\/atmpanama.org\/?page_id=60"},"modified":"2025-11-18T14:22:16","modified_gmt":"2025-11-18T19:22:16","slug":"clubes","status":"publish","type":"page","link":"https:\/\/atmpanama.org\/index.php\/clubes\/","title":{"rendered":"CLUBES"},"content":{"rendered":"\n<p><strong>Clubes miembros<\/strong><\/p>\n\n\n\n<p class=\"has-medium-font-size\"><strong>Col\u00f3n<\/strong><\/p>\n\n\n\n<p class=\"has-vivid-red-color has-text-color has-link-color wp-elements-2fceb803e48ded5a93e0ae671e4b81eb\">Club Raqueta Colonense<\/p>\n\n\n\n<figure class=\"wp-block-image size-thumbnail\"><img loading=\"lazy\" decoding=\"async\" width=\"150\" height=\"150\" src=\"https:\/\/atmpanama.org\/wp-content\/uploads\/2024\/09\/CRC-LGO-150x150.png\" alt=\"\" class=\"wp-image-511\" srcset=\"https:\/\/atmpanama.org\/wp-content\/uploads\/2024\/09\/CRC-LGO-150x150.png 150w, https:\/\/atmpanama.org\/wp-content\/uploads\/2024\/09\/CRC-LGO-300x300.png 300w, https:\/\/atmpanama.org\/wp-content\/uploads\/2024\/09\/CRC-LGO-768x769.png 768w, https:\/\/atmpanama.org\/wp-content\/uploads\/2024\/09\/CRC-LGO.png 902w\" sizes=\"auto, (max-width: 150px) 100vw, 150px\" \/><\/figure>\n\n\n\n<p>Ubicaci\u00f3n: Col\u00f3n, Col\u00f3n, Calle 3, Paseo Gorgas. <a href=\"https:\/\/maps.app.goo.gl\/hA79QwuSJgseh7d2A\">Google Maps<\/a><\/p>\n\n\n\n<p>Contacto: Sa\u00fal Reid 6997-4704 ; clubraquetacolonense@gmail.com<\/p>\n\n\n\n<p class=\"has-medium-font-size\"><strong>Herrera<\/strong><\/p>\n\n\n\n<p class=\"has-vivid-red-color has-text-color has-link-color wp-elements-60eb623cadabfef4a568e4d7f70794be\">Club de Herrera de Tenis de Mesa<\/p>\n\n\n\n<p class=\"has-medium-font-size\"><strong>Panam\u00e1<\/strong><\/p>\n\n\n\n<p class=\"has-vivid-red-color has-text-color has-link-color wp-elements-7e3a90d6a2fa766e0de0b809a47c0a00\">\u2666 Club Friendship<\/p>\n\n\n\n<p class=\"has-vivid-red-color has-text-color has-link-color wp-elements-f08b7a3e8df72b005736f93814da17a6\">\u2666 Club Parque Lefevre<\/p>\n\n\n\n<p class=\"has-vivid-red-color has-text-color has-link-color wp-elements-4dd94f00b5e5cc2c08a3d6a9aa97c01f\">\u2666 Club Santa Maria la Antigua<\/p>\n\n\n\n<p class=\"has-vivid-red-color has-text-color has-link-color wp-elements-85517078d8dd11366efd0a11aa4bab13\">\u2666 YMCA Panam\u00e1 Tenis de Mesa<\/p>\n\n\n\n<p class=\"has-medium-font-size\"><strong>Panam\u00e1 Oeste<\/strong><\/p>\n\n\n\n<p class=\"has-vivid-red-color has-text-color has-link-color wp-elements-066754410fe19ee538284a8c8e1ef847\">\u2666 Club Tenis de Mesa Panam\u00e1 Oeste<\/p>\n\n\n\n<figure class=\"wp-block-image size-full is-resized\"><img loading=\"lazy\" decoding=\"async\" width=\"485\" height=\"234\" src=\"https:\/\/atmpanama.org\/wp-content\/uploads\/2024\/03\/CPO.png\" alt=\"\" class=\"wp-image-235\" style=\"width:283px;height:auto\" srcset=\"https:\/\/atmpanama.org\/wp-content\/uploads\/2024\/03\/CPO.png 485w, https:\/\/atmpanama.org\/wp-content\/uploads\/2024\/03\/CPO-300x145.png 300w\" sizes=\"auto, (max-width: 485px) 100vw, 485px\" \/><\/figure>\n\n\n\n<p>Ubicaci\u00f3n: Arraij\u00e1n, Burunga, barriada 2000, arriba de la fereteria Nuevo Cortez, segundo piso.  <a href=\"https:\/\/maps.app.goo.gl\/CnSKaqF9C3BLmjm48\">Google Maps<\/a><\/p>\n\n\n\n<p>Contacto: Noel Del Cid     +507 6150-6405<\/p>\n\n\n\n<ul class=\"wp-block-social-links is-layout-flex wp-block-social-links-is-layout-flex\"><li class=\"wp-social-link wp-social-link-instagram  wp-block-social-link\"><a href=\"https:\/\/www.instagram.com\/hsapanama\/\" class=\"wp-block-social-link-anchor\"><svg width=\"24\" height=\"24\" viewBox=\"0 0 24 24\" version=\"1.1\" xmlns=\"http:\/\/www.w3.org\/2000\/svg\" aria-hidden=\"true\" focusable=\"false\"><path d=\"M12,4.622c2.403,0,2.688,0.009,3.637,0.052c0.877,0.04,1.354,0.187,1.671,0.31c0.42,0.163,0.72,0.358,1.035,0.673 c0.315,0.315,0.51,0.615,0.673,1.035c0.123,0.317,0.27,0.794,0.31,1.671c0.043,0.949,0.052,1.234,0.052,3.637 s-0.009,2.688-0.052,3.637c-0.04,0.877-0.187,1.354-0.31,1.671c-0.163,0.42-0.358,0.72-0.673,1.035 c-0.315,0.315-0.615,0.51-1.035,0.673c-0.317,0.123-0.794,0.27-1.671,0.31c-0.949,0.043-1.233,0.052-3.637,0.052 s-2.688-0.009-3.637-0.052c-0.877-0.04-1.354-0.187-1.671-0.31c-0.42-0.163-0.72-0.358-1.035-0.673 c-0.315-0.315-0.51-0.615-0.673-1.035c-0.123-0.317-0.27-0.794-0.31-1.671C4.631,14.688,4.622,14.403,4.622,12 s0.009-2.688,0.052-3.637c0.04-0.877,0.187-1.354,0.31-1.671c0.163-0.42,0.358-0.72,0.673-1.035 c0.315-0.315,0.615-0.51,1.035-0.673c0.317-0.123,0.794-0.27,1.671-0.31C9.312,4.631,9.597,4.622,12,4.622 M12,3 C9.556,3,9.249,3.01,8.289,3.054C7.331,3.098,6.677,3.25,6.105,3.472C5.513,3.702,5.011,4.01,4.511,4.511 c-0.5,0.5-0.808,1.002-1.038,1.594C3.25,6.677,3.098,7.331,3.054,8.289C3.01,9.249,3,9.556,3,12c0,2.444,0.01,2.751,0.054,3.711 c0.044,0.958,0.196,1.612,0.418,2.185c0.23,0.592,0.538,1.094,1.038,1.594c0.5,0.5,1.002,0.808,1.594,1.038 c0.572,0.222,1.227,0.375,2.185,0.418C9.249,20.99,9.556,21,12,21s2.751-0.01,3.711-0.054c0.958-0.044,1.612-0.196,2.185-0.418 c0.592-0.23,1.094-0.538,1.594-1.038c0.5-0.5,0.808-1.002,1.038-1.594c0.222-0.572,0.375-1.227,0.418-2.185 C20.99,14.751,21,14.444,21,12s-0.01-2.751-0.054-3.711c-0.044-0.958-0.196-1.612-0.418-2.185c-0.23-0.592-0.538-1.094-1.038-1.594 c-0.5-0.5-1.002-0.808-1.594-1.038c-0.572-0.222-1.227-0.375-2.185-0.418C14.751,3.01,14.444,3,12,3L12,3z M12,7.378 c-2.552,0-4.622,2.069-4.622,4.622S9.448,16.622,12,16.622s4.622-2.069,4.622-4.622S14.552,7.378,12,7.378z M12,15 c-1.657,0-3-1.343-3-3s1.343-3,3-3s3,1.343,3,3S13.657,15,12,15z M16.804,6.116c-0.596,0-1.08,0.484-1.08,1.08 s0.484,1.08,1.08,1.08c0.596,0,1.08-0.484,1.08-1.08S17.401,6.116,16.804,6.116z\"><\/path><\/svg><span class=\"wp-block-social-link-label screen-reader-text\">Instagram<\/span><\/a><\/li><\/ul>\n\n\n\n<p><\/p>\n\n\n\n<p>Academias<\/p>\n\n\n\n<p class=\"has-vivid-green-cyan-color has-text-color has-link-color wp-elements-64b8b90040db0a1850c81863214cc491\">\u25cb Advance Table Tennis Academy<\/p>\n\n\n\n<p class=\"has-vivid-green-cyan-color has-text-color has-link-color wp-elements-4b89a87024769d3ccf4b7f5eef5acbc7\">\u25cb Academia Anlu Table Tenis Panam\u00e1<\/p>\n\n\n\n<p class=\"has-vivid-green-cyan-color has-text-color has-link-color wp-elements-e459db8cefdb3f7da5121380b638bfaf\">\u25cb Table Tennis Training Center Panam\u00e1<\/p>\n\n\n\n<figure class=\"wp-block-image size-full is-resized\"><img loading=\"lazy\" decoding=\"async\" width=\"790\" height=\"790\" src=\"https:\/\/atmpanama.org\/wp-content\/uploads\/2024\/03\/logo-tttc-2.png\" alt=\"\" class=\"wp-image-238\" style=\"width:129px;height:auto\" srcset=\"https:\/\/atmpanama.org\/wp-content\/uploads\/2024\/03\/logo-tttc-2.png 790w, https:\/\/atmpanama.org\/wp-content\/uploads\/2024\/03\/logo-tttc-2-300x300.png 300w, https:\/\/atmpanama.org\/wp-content\/uploads\/2024\/03\/logo-tttc-2-150x150.png 150w, https:\/\/atmpanama.org\/wp-content\/uploads\/2024\/03\/logo-tttc-2-768x768.png 768w\" sizes=\"auto, (max-width: 790px) 100vw, 790px\" \/><\/figure>\n\n\n\n<p>Ubicaci\u00f3n: 6459-A, Los R\u00edos, Anc\u00f3n. <a href=\"https:\/\/maps.app.goo.gl\/kLDuJcr7WXZJexhp8\">Google Maps<\/a><\/p>\n\n\n\n<p>Contacto: Rold\u00e1n Rivera     +507 6242-0401<\/p>\n\n\n\n<ul class=\"wp-block-social-links is-layout-flex wp-block-social-links-is-layout-flex\"><li class=\"wp-social-link wp-social-link-instagram  wp-block-social-link\"><a href=\"https:\/\/www.instagram.com\/tttcpanama1\/\" class=\"wp-block-social-link-anchor\"><svg width=\"24\" height=\"24\" viewBox=\"0 0 24 24\" version=\"1.1\" xmlns=\"http:\/\/www.w3.org\/2000\/svg\" aria-hidden=\"true\" focusable=\"false\"><path d=\"M12,4.622c2.403,0,2.688,0.009,3.637,0.052c0.877,0.04,1.354,0.187,1.671,0.31c0.42,0.163,0.72,0.358,1.035,0.673 c0.315,0.315,0.51,0.615,0.673,1.035c0.123,0.317,0.27,0.794,0.31,1.671c0.043,0.949,0.052,1.234,0.052,3.637 s-0.009,2.688-0.052,3.637c-0.04,0.877-0.187,1.354-0.31,1.671c-0.163,0.42-0.358,0.72-0.673,1.035 c-0.315,0.315-0.615,0.51-1.035,0.673c-0.317,0.123-0.794,0.27-1.671,0.31c-0.949,0.043-1.233,0.052-3.637,0.052 s-2.688-0.009-3.637-0.052c-0.877-0.04-1.354-0.187-1.671-0.31c-0.42-0.163-0.72-0.358-1.035-0.673 c-0.315-0.315-0.51-0.615-0.673-1.035c-0.123-0.317-0.27-0.794-0.31-1.671C4.631,14.688,4.622,14.403,4.622,12 s0.009-2.688,0.052-3.637c0.04-0.877,0.187-1.354,0.31-1.671c0.163-0.42,0.358-0.72,0.673-1.035 c0.315-0.315,0.615-0.51,1.035-0.673c0.317-0.123,0.794-0.27,1.671-0.31C9.312,4.631,9.597,4.622,12,4.622 M12,3 C9.556,3,9.249,3.01,8.289,3.054C7.331,3.098,6.677,3.25,6.105,3.472C5.513,3.702,5.011,4.01,4.511,4.511 c-0.5,0.5-0.808,1.002-1.038,1.594C3.25,6.677,3.098,7.331,3.054,8.289C3.01,9.249,3,9.556,3,12c0,2.444,0.01,2.751,0.054,3.711 c0.044,0.958,0.196,1.612,0.418,2.185c0.23,0.592,0.538,1.094,1.038,1.594c0.5,0.5,1.002,0.808,1.594,1.038 c0.572,0.222,1.227,0.375,2.185,0.418C9.249,20.99,9.556,21,12,21s2.751-0.01,3.711-0.054c0.958-0.044,1.612-0.196,2.185-0.418 c0.592-0.23,1.094-0.538,1.594-1.038c0.5-0.5,0.808-1.002,1.038-1.594c0.222-0.572,0.375-1.227,0.418-2.185 C20.99,14.751,21,14.444,21,12s-0.01-2.751-0.054-3.711c-0.044-0.958-0.196-1.612-0.418-2.185c-0.23-0.592-0.538-1.094-1.038-1.594 c-0.5-0.5-1.002-0.808-1.594-1.038c-0.572-0.222-1.227-0.375-2.185-0.418C14.751,3.01,14.444,3,12,3L12,3z M12,7.378 c-2.552,0-4.622,2.069-4.622,4.622S9.448,16.622,12,16.622s4.622-2.069,4.622-4.622S14.552,7.378,12,7.378z M12,15 c-1.657,0-3-1.343-3-3s1.343-3,3-3s3,1.343,3,3S13.657,15,12,15z M16.804,6.116c-0.596,0-1.08,0.484-1.08,1.08 s0.484,1.08,1.08,1.08c0.596,0,1.08-0.484,1.08-1.08S17.401,6.116,16.804,6.116z\"><\/path><\/svg><span class=\"wp-block-social-link-label screen-reader-text\">Instagram<\/span><\/a><\/li><\/ul>\n\n\n\n<p><\/p>\n\n\n\n<p><strong>Clubes NO Miembros<\/strong><\/p>\n\n\n\n<p class=\"has-vivid-cyan-blue-color has-text-color has-link-color wp-elements-b05dfc3b8fcdb581e38646e27565e98a\">\u25ba Academia de Tenis de Mesa M8 (Club en Formaci\u00f3n)<\/p>\n\n\n\n<p class=\"has-vivid-cyan-blue-color has-text-color has-link-color wp-elements-e1cf5ca3fdcebd5b5c6e3f43bdd845fa\">\u25ba Adrian Inclusive Academy (Club en Formaci\u00f3n)<\/p>\n\n\n\n<p class=\"has-vivid-cyan-blue-color has-text-color has-link-color wp-elements-61955083d0b56c2864561a609d0f2824\">\u25ba Club Tenis de Mesa Chiriqu\u00ed  (Club en Formaci\u00f3n)<\/p>\n\n\n\n<p class=\"has-vivid-cyan-blue-color has-text-color has-link-color wp-elements-0eec73a59ce840282994d4ac828be565\">\u25ba Club Tenis de Mesa de Veraguas (Club en Formaci\u00f3n)<\/p>\n\n\n\n<p class=\"has-vivid-cyan-blue-color has-text-color has-link-color wp-elements-05632029db11419b895fe2527d27a9af\"><\/p>\n","protected":false},"excerpt":{"rendered":"<p>Clubes miembros Col\u00f3n Club Raqueta Colonense Ubicaci\u00f3n: Col\u00f3n, Col\u00f3n, Calle 3, Paseo Gorgas. Google Maps Contacto: Sa\u00fal Reid 6997-4704 ; clubraquetacolonense@gmail.com Herrera Club de Herrera de Tenis de Mesa Panam\u00e1 \u2666 Club Friendship \u2666 Club Parque Lefevre \u2666 Club Santa Maria la Antigua \u2666 YMCA Panam\u00e1 Tenis de Mesa Panam\u00e1 Oeste \u2666 Club Tenis de [&hellip;]<\/p>\n","protected":false},"author":2,"featured_media":0,"parent":0,"menu_order":5,"comment_status":"closed","ping_status":"closed","template":"","meta":{"footnotes":""},"class_list":["post-60","page","type-page","status-publish","hentry"],"_links":{"self":[{"href":"https:\/\/atmpanama.org\/index.php\/wp-json\/wp\/v2\/pages\/60","targetHints":{"allow":["GET"]}}],"collection":[{"href":"https:\/\/atmpanama.org\/index.php\/wp-json\/wp\/v2\/pages"}],"about":[{"href":"https:\/\/atmpanama.org\/index.php\/wp-json\/wp\/v2\/types\/page"}],"author":[{"embeddable":true,"href":"https:\/\/atmpanama.org\/index.php\/wp-json\/wp\/v2\/users\/2"}],"replies":[{"embeddable":true,"href":"https:\/\/atmpanama.org\/index.php\/wp-json\/wp\/v2\/comments?post=60"}],"version-history":[{"count":15,"href":"https:\/\/atmpanama.org\/index.php\/wp-json\/wp\/v2\/pages\/60\/revisions"}],"predecessor-version":[{"id":924,"href":"https:\/\/atmpanama.org\/index.php\/wp-json\/wp\/v2\/pages\/60\/revisions\/924"}],"wp:attachment":[{"href":"https:\/\/atmpanama.org\/index.php\/wp-json\/wp\/v2\/media?parent=60"}],"curies":[{"name":"wp","href":"https:\/\/api.w.org\/{rel}","templated":true}]}}